{"id":26117,"date":"2026-02-10T15:17:59","date_gmt":"2026-02-10T15:17:59","guid":{"rendered":"https:\/\/www.roscomponents.com\/?post_type=product&#038;p=26117"},"modified":"2026-02-11T07:55:30","modified_gmt":"2026-02-11T07:55:30","slug":"rg6","status":"publish","type":"product","link":"https:\/\/www.roscomponents.com\/es\/producto\/rg6\/","title":{"rendered":"RG6"},"content":{"rendered":"","protected":false},"excerpt":{"rendered":"<h2><span style=\"color: #333333;\">Pinza rob\u00f3tica.<\/span><\/h2>\n<p><span style=\"color: #017cfc;\">Entrega aproximada: 1 semana.<\/span><\/p>\n<h4><span style=\"color: #017cfc;\"><strong>Producto recomendado para brazos UR. Para otro modelo de brazo, por favor, cons\u00faltenos.<\/strong><\/span><\/h4>\n<p><span style=\"color: #808080;\">Los controladores ROS de este producto a\u00fan no est\u00e1n disponibles, pero se pueden integrar en las principales marcas de robots muy f\u00e1cilmente.<\/span><\/p>\n<p><span style=\"color: #808080;\">Si no se dispone de ellos, habr\u00e1 que a\u00f1adir los siguientes componentes para el correcto funcionamiento de la pinza:\u00a0<span style=\"text-decoration: underline;\"><a style=\"color: #808080; text-decoration: underline;\" href=\"https:\/\/onrobot.com\/es\/productos\/quick-changer\" target=\"_blank\" rel=\"noopener\">Quick Changer<\/a>\u00a0<\/span>y Tool Flange.<\/span><\/p>\n","protected":false},"featured_media":26120,"template":"","meta":{"_acf_changed":false},"product_brand":[],"product_cat":[819,812],"product_tag":[],"class_list":{"0":"post-26117","1":"product","2":"type-product","3":"status-publish","4":"has-post-thumbnail","6":"product_cat-pinzas-es","7":"product_cat-visible-price-es","9":"first","10":"onbackorder","11":"taxable","12":"shipping-taxable","13":"purchasable","14":"product-type-simple"},"acf":[],"_links":{"self":[{"href":"https:\/\/www.roscomponents.com\/es\/wp-json\/wp\/v2\/product\/26117","targetHints":{"allow":["GET"]}}],"collection":[{"href":"https:\/\/www.roscomponents.com\/es\/wp-json\/wp\/v2\/product"}],"about":[{"href":"https:\/\/www.roscomponents.com\/es\/wp-json\/wp\/v2\/types\/product"}],"version-history":[{"count":1,"href":"https:\/\/www.roscomponents.com\/es\/wp-json\/wp\/v2\/product\/26117\/revisions"}],"predecessor-version":[{"id":26154,"href":"https:\/\/www.roscomponents.com\/es\/wp-json\/wp\/v2\/product\/26117\/revisions\/26154"}],"wp:featuredmedia":[{"embeddable":true,"href":"https:\/\/www.roscomponents.com\/es\/wp-json\/wp\/v2\/media\/26120"}],"wp:attachment":[{"href":"https:\/\/www.roscomponents.com\/es\/wp-json\/wp\/v2\/media?parent=26117"}],"wp:term":[{"taxonomy":"product_brand","embeddable":true,"href":"https:\/\/www.roscomponents.com\/es\/wp-json\/wp\/v2\/product_brand?post=26117"},{"taxonomy":"product_cat","embeddable":true,"href":"https:\/\/www.roscomponents.com\/es\/wp-json\/wp\/v2\/product_cat?post=26117"},{"taxonomy":"product_tag","embeddable":true,"href":"https:\/\/www.roscomponents.com\/es\/wp-json\/wp\/v2\/product_tag?post=26117"}],"curies":[{"name":"wp","href":"https:\/\/api.w.org\/{rel}","templated":true}]}}