{"id":18956,"date":"2025-03-24T13:42:03","date_gmt":"2025-03-24T13:42:03","guid":{"rendered":"https:\/\/www.roscomponents.com\/?post_type=product&#038;p=18956"},"modified":"2025-03-31T09:40:57","modified_gmt":"2025-03-31T08:40:57","slug":"panther","status":"publish","type":"product","link":"https:\/\/www.roscomponents.com\/es\/producto\/panther\/","title":{"rendered":"Panther"},"content":{"rendered":"","protected":false},"excerpt":{"rendered":"<h2>Plataforma rob\u00f3tica m\u00f3vil aut\u00f3noma.<\/h2>\n<p><span style=\"color: #2c9ffd;\">Entrega aproximada: 4 semanas.<\/span><\/p>\n","protected":false},"featured_media":18965,"template":"","meta":{"_acf_changed":false},"product_brand":[],"product_cat":[807],"product_tag":[],"class_list":{"0":"post-18956","1":"product","2":"type-product","3":"status-publish","4":"has-post-thumbnail","6":"product_cat-robots-moviles-es","8":"first","9":"onbackorder","10":"taxable","11":"shipping-taxable","12":"purchasable","13":"product-type-simple"},"acf":[],"_links":{"self":[{"href":"https:\/\/www.roscomponents.com\/es\/wp-json\/wp\/v2\/product\/18956","targetHints":{"allow":["GET"]}}],"collection":[{"href":"https:\/\/www.roscomponents.com\/es\/wp-json\/wp\/v2\/product"}],"about":[{"href":"https:\/\/www.roscomponents.com\/es\/wp-json\/wp\/v2\/types\/product"}],"version-history":[{"count":3,"href":"https:\/\/www.roscomponents.com\/es\/wp-json\/wp\/v2\/product\/18956\/revisions"}],"predecessor-version":[{"id":19210,"href":"https:\/\/www.roscomponents.com\/es\/wp-json\/wp\/v2\/product\/18956\/revisions\/19210"}],"wp:featuredmedia":[{"embeddable":true,"href":"https:\/\/www.roscomponents.com\/es\/wp-json\/wp\/v2\/media\/18965"}],"wp:attachment":[{"href":"https:\/\/www.roscomponents.com\/es\/wp-json\/wp\/v2\/media?parent=18956"}],"wp:term":[{"taxonomy":"product_brand","embeddable":true,"href":"https:\/\/www.roscomponents.com\/es\/wp-json\/wp\/v2\/product_brand?post=18956"},{"taxonomy":"product_cat","embeddable":true,"href":"https:\/\/www.roscomponents.com\/es\/wp-json\/wp\/v2\/product_cat?post=18956"},{"taxonomy":"product_tag","embeddable":true,"href":"https:\/\/www.roscomponents.com\/es\/wp-json\/wp\/v2\/product_tag?post=18956"}],"curies":[{"name":"wp","href":"https:\/\/api.w.org\/{rel}","templated":true}]}}