{"id":18477,"date":"2025-12-03T12:11:41","date_gmt":"2025-12-03T12:11:41","guid":{"rendered":"https:\/\/www.roscomponents.com\/?post_type=product&#038;p=18477"},"modified":"2025-12-01T01:06:52","modified_gmt":"2025-12-01T01:06:52","slug":"rosbot-3","status":"publish","type":"product","link":"https:\/\/www.roscomponents.com\/es\/producto\/rosbot-3\/","title":{"rendered":"ROSbot 3"},"content":{"rendered":"","protected":false},"excerpt":{"rendered":"<h2>Plataforma rob\u00f3tica m\u00f3vil aut\u00f3noma.<\/h2>\n<p><span style=\"color: #2c9ffd;\">Entrega aproximada: 4 semanas.<\/span><\/p>\n","protected":false},"featured_media":18479,"template":"","meta":{"_acf_changed":false},"product_brand":[],"product_cat":[809,805,807],"product_tag":[],"class_list":{"0":"post-18477","1":"product","2":"type-product","3":"status-publish","4":"has-post-thumbnail","6":"product_cat-featured-es","7":"product_cat-inicio-es","8":"product_cat-robots-moviles-es","10":"first","11":"onbackorder","12":"taxable","13":"shipping-taxable","14":"purchasable","15":"product-type-simple"},"acf":[],"_links":{"self":[{"href":"https:\/\/www.roscomponents.com\/es\/wp-json\/wp\/v2\/product\/18477","targetHints":{"allow":["GET"]}}],"collection":[{"href":"https:\/\/www.roscomponents.com\/es\/wp-json\/wp\/v2\/product"}],"about":[{"href":"https:\/\/www.roscomponents.com\/es\/wp-json\/wp\/v2\/types\/product"}],"version-history":[{"count":4,"href":"https:\/\/www.roscomponents.com\/es\/wp-json\/wp\/v2\/product\/18477\/revisions"}],"predecessor-version":[{"id":23871,"href":"https:\/\/www.roscomponents.com\/es\/wp-json\/wp\/v2\/product\/18477\/revisions\/23871"}],"wp:featuredmedia":[{"embeddable":true,"href":"https:\/\/www.roscomponents.com\/es\/wp-json\/wp\/v2\/media\/18479"}],"wp:attachment":[{"href":"https:\/\/www.roscomponents.com\/es\/wp-json\/wp\/v2\/media?parent=18477"}],"wp:term":[{"taxonomy":"product_brand","embeddable":true,"href":"https:\/\/www.roscomponents.com\/es\/wp-json\/wp\/v2\/product_brand?post=18477"},{"taxonomy":"product_cat","embeddable":true,"href":"https:\/\/www.roscomponents.com\/es\/wp-json\/wp\/v2\/product_cat?post=18477"},{"taxonomy":"product_tag","embeddable":true,"href":"https:\/\/www.roscomponents.com\/es\/wp-json\/wp\/v2\/product_tag?post=18477"}],"curies":[{"name":"wp","href":"https:\/\/api.w.org\/{rel}","templated":true}]}}