{"id":15020,"date":"2024-11-14T10:48:33","date_gmt":"2024-11-14T10:48:33","guid":{"rendered":"https:\/\/beta.roscomponents.com\/producto\/vgp20\/"},"modified":"2025-02-11T15:19:17","modified_gmt":"2025-02-11T15:19:17","slug":"vgp20","status":"publish","type":"product","link":"https:\/\/www.roscomponents.com\/es\/producto\/vgp20\/","title":{"rendered":"VGP20"},"content":{"rendered":"","protected":false},"excerpt":{"rendered":"<h2>Pinza de vac\u00edo.<\/h2>\n<p><span style=\"color: #017cfc;\">Entrega aproximada: 1 semana.<\/span><\/p>\n<h4><span style=\"color: #017cfc;\"><strong>Producto recomendado para brazos UR. Para otro modelo de brazo, por favor, cons\u00faltenos.<\/strong><\/span><\/h4>\n<p><span style=\"color: #808080;\">Los controladores ROS de este producto a\u00fan no est\u00e1n disponibles, pero se pueden integrar en las principales marcas de robots muy f\u00e1cilmente.<\/span><\/p>\n","protected":false},"featured_media":14986,"template":"","meta":{"_acf_changed":false},"product_brand":[],"product_cat":[819,812],"product_tag":[],"class_list":{"0":"post-15020","1":"product","2":"type-product","3":"status-publish","4":"has-post-thumbnail","6":"product_cat-pinzas-es","7":"product_cat-visible-price-es","9":"first","10":"onbackorder","11":"taxable","12":"shipping-taxable","13":"purchasable","14":"product-type-simple"},"acf":[],"_links":{"self":[{"href":"https:\/\/www.roscomponents.com\/es\/wp-json\/wp\/v2\/product\/15020","targetHints":{"allow":["GET"]}}],"collection":[{"href":"https:\/\/www.roscomponents.com\/es\/wp-json\/wp\/v2\/product"}],"about":[{"href":"https:\/\/www.roscomponents.com\/es\/wp-json\/wp\/v2\/types\/product"}],"version-history":[{"count":4,"href":"https:\/\/www.roscomponents.com\/es\/wp-json\/wp\/v2\/product\/15020\/revisions"}],"predecessor-version":[{"id":18054,"href":"https:\/\/www.roscomponents.com\/es\/wp-json\/wp\/v2\/product\/15020\/revisions\/18054"}],"wp:featuredmedia":[{"embeddable":true,"href":"https:\/\/www.roscomponents.com\/es\/wp-json\/wp\/v2\/media\/14986"}],"wp:attachment":[{"href":"https:\/\/www.roscomponents.com\/es\/wp-json\/wp\/v2\/media?parent=15020"}],"wp:term":[{"taxonomy":"product_brand","embeddable":true,"href":"https:\/\/www.roscomponents.com\/es\/wp-json\/wp\/v2\/product_brand?post=15020"},{"taxonomy":"product_cat","embeddable":true,"href":"https:\/\/www.roscomponents.com\/es\/wp-json\/wp\/v2\/product_cat?post=15020"},{"taxonomy":"product_tag","embeddable":true,"href":"https:\/\/www.roscomponents.com\/es\/wp-json\/wp\/v2\/product_tag?post=15020"}],"curies":[{"name":"wp","href":"https:\/\/api.w.org\/{rel}","templated":true}]}}