{"id":13237,"date":"2024-11-15T09:42:07","date_gmt":"2024-11-15T09:42:07","guid":{"rendered":"https:\/\/beta.roscomponents.com\/producto\/egk-25-il-m-b-2\/"},"modified":"2025-01-27T16:08:19","modified_gmt":"2025-01-27T16:08:19","slug":"egk-25-il-m-b-2","status":"publish","type":"product","link":"https:\/\/www.roscomponents.com\/es\/producto\/egk-25-il-m-b-2\/","title":{"rendered":"EGK 25-IL-M-B"},"content":{"rendered":"","protected":false},"excerpt":{"rendered":"<h2><span style=\"color: #333333;\"><strong>Pinza rob\u00f3tica.\u00a0Dedos no incluidos.<\/strong><\/span><\/h2>\n<p><span style=\"color: #808080;\">Los controladores ROS de este producto a\u00fan no est\u00e1n disponibles, pero se pueden integrar en las principales marcas muy f\u00e1cilmente. Por favor, cons\u00faltenos.<\/span><\/p>\n<p>&nbsp;<\/p>\n","protected":false},"featured_media":15045,"template":"","meta":{"_acf_changed":false},"product_brand":[],"product_cat":[819,804,812],"product_tag":[],"class_list":{"0":"post-13237","1":"product","2":"type-product","3":"status-publish","4":"has-post-thumbnail","6":"product_cat-pinzas-es","7":"product_cat-precio-autorizado","8":"product_cat-visible-price-es","10":"first","11":"onbackorder","12":"purchasable","13":"product-type-simple"},"acf":[],"_links":{"self":[{"href":"https:\/\/www.roscomponents.com\/es\/wp-json\/wp\/v2\/product\/13237","targetHints":{"allow":["GET"]}}],"collection":[{"href":"https:\/\/www.roscomponents.com\/es\/wp-json\/wp\/v2\/product"}],"about":[{"href":"https:\/\/www.roscomponents.com\/es\/wp-json\/wp\/v2\/types\/product"}],"version-history":[{"count":4,"href":"https:\/\/www.roscomponents.com\/es\/wp-json\/wp\/v2\/product\/13237\/revisions"}],"predecessor-version":[{"id":17597,"href":"https:\/\/www.roscomponents.com\/es\/wp-json\/wp\/v2\/product\/13237\/revisions\/17597"}],"wp:featuredmedia":[{"embeddable":true,"href":"https:\/\/www.roscomponents.com\/es\/wp-json\/wp\/v2\/media\/15045"}],"wp:attachment":[{"href":"https:\/\/www.roscomponents.com\/es\/wp-json\/wp\/v2\/media?parent=13237"}],"wp:term":[{"taxonomy":"product_brand","embeddable":true,"href":"https:\/\/www.roscomponents.com\/es\/wp-json\/wp\/v2\/product_brand?post=13237"},{"taxonomy":"product_cat","embeddable":true,"href":"https:\/\/www.roscomponents.com\/es\/wp-json\/wp\/v2\/product_cat?post=13237"},{"taxonomy":"product_tag","embeddable":true,"href":"https:\/\/www.roscomponents.com\/es\/wp-json\/wp\/v2\/product_tag?post=13237"}],"curies":[{"name":"wp","href":"https:\/\/api.w.org\/{rel}","templated":true}]}}