{"id":13228,"date":"2024-11-15T09:42:04","date_gmt":"2024-11-15T09:42:04","guid":{"rendered":"https:\/\/beta.roscomponents.com\/producto\/egm-m-q-30-1-fx-2\/"},"modified":"2025-01-27T15:01:20","modified_gmt":"2025-01-27T15:01:20","slug":"egm-m-q-30-1-fx-2","status":"publish","type":"product","link":"https:\/\/www.roscomponents.com\/es\/producto\/egm-m-q-30-1-fx-2\/","title":{"rendered":"EGM-M-Q-30-1-FX"},"content":{"rendered":"","protected":false},"excerpt":{"rendered":"<h2><span style=\"color: #333333;\"><strong>Pinza magn\u00e9tica.<\/strong><\/span><\/h2>\n<p><span style=\"color: #808080;\">Los controladores ROS de este producto a\u00fan no est\u00e1n disponibles, pero se pueden integrar en las principales marcas de robots muy f\u00e1cilmente. Por favor, cons\u00faltenos.<\/span><\/p>\n<p>&nbsp;<\/p>\n","protected":false},"featured_media":12266,"template":"","meta":{"_acf_changed":false},"product_brand":[],"product_cat":[819,804,812],"product_tag":[],"class_list":{"0":"post-13228","1":"product","2":"type-product","3":"status-publish","4":"has-post-thumbnail","6":"product_cat-pinzas-es","7":"product_cat-precio-autorizado","8":"product_cat-visible-price-es","10":"first","11":"onbackorder","12":"purchasable","13":"product-type-simple"},"acf":[],"_links":{"self":[{"href":"https:\/\/www.roscomponents.com\/es\/wp-json\/wp\/v2\/product\/13228","targetHints":{"allow":["GET"]}}],"collection":[{"href":"https:\/\/www.roscomponents.com\/es\/wp-json\/wp\/v2\/product"}],"about":[{"href":"https:\/\/www.roscomponents.com\/es\/wp-json\/wp\/v2\/types\/product"}],"version-history":[{"count":7,"href":"https:\/\/www.roscomponents.com\/es\/wp-json\/wp\/v2\/product\/13228\/revisions"}],"predecessor-version":[{"id":17554,"href":"https:\/\/www.roscomponents.com\/es\/wp-json\/wp\/v2\/product\/13228\/revisions\/17554"}],"wp:featuredmedia":[{"embeddable":true,"href":"https:\/\/www.roscomponents.com\/es\/wp-json\/wp\/v2\/media\/12266"}],"wp:attachment":[{"href":"https:\/\/www.roscomponents.com\/es\/wp-json\/wp\/v2\/media?parent=13228"}],"wp:term":[{"taxonomy":"product_brand","embeddable":true,"href":"https:\/\/www.roscomponents.com\/es\/wp-json\/wp\/v2\/product_brand?post=13228"},{"taxonomy":"product_cat","embeddable":true,"href":"https:\/\/www.roscomponents.com\/es\/wp-json\/wp\/v2\/product_cat?post=13228"},{"taxonomy":"product_tag","embeddable":true,"href":"https:\/\/www.roscomponents.com\/es\/wp-json\/wp\/v2\/product_tag?post=13228"}],"curies":[{"name":"wp","href":"https:\/\/api.w.org\/{rel}","templated":true}]}}