{"id":13208,"date":"2024-11-15T09:41:57","date_gmt":"2024-11-15T09:41:57","guid":{"rendered":"https:\/\/beta.roscomponents.com\/producto\/rosbot-xl-2\/"},"modified":"2025-04-01T16:12:03","modified_gmt":"2025-04-01T15:12:03","slug":"rosbot-xl-es","status":"publish","type":"product","link":"https:\/\/www.roscomponents.com\/es\/producto\/rosbot-xl-es\/","title":{"rendered":"ROSbot XL"},"content":{"rendered":"","protected":false},"excerpt":{"rendered":"<h2>Plataforma rob\u00f3tica m\u00f3vil aut\u00f3noma.<\/h2>\n<p><span style=\"color: #2c9ffd;\">Entrega aproximada: 4 semanas.<\/span><\/p>\n<p>&nbsp;<\/p>\n","protected":false},"featured_media":14070,"template":"","meta":{"_acf_changed":false},"product_brand":[],"product_cat":[805,807],"product_tag":[],"class_list":{"0":"post-13208","1":"product","2":"type-product","3":"status-publish","4":"has-post-thumbnail","6":"product_cat-inicio-es","7":"product_cat-robots-moviles-es","9":"first","10":"onbackorder","11":"taxable","12":"shipping-taxable","13":"purchasable","14":"product-type-simple"},"acf":[],"_links":{"self":[{"href":"https:\/\/www.roscomponents.com\/es\/wp-json\/wp\/v2\/product\/13208","targetHints":{"allow":["GET"]}}],"collection":[{"href":"https:\/\/www.roscomponents.com\/es\/wp-json\/wp\/v2\/product"}],"about":[{"href":"https:\/\/www.roscomponents.com\/es\/wp-json\/wp\/v2\/types\/product"}],"version-history":[{"count":6,"href":"https:\/\/www.roscomponents.com\/es\/wp-json\/wp\/v2\/product\/13208\/revisions"}],"predecessor-version":[{"id":19264,"href":"https:\/\/www.roscomponents.com\/es\/wp-json\/wp\/v2\/product\/13208\/revisions\/19264"}],"wp:featuredmedia":[{"embeddable":true,"href":"https:\/\/www.roscomponents.com\/es\/wp-json\/wp\/v2\/media\/14070"}],"wp:attachment":[{"href":"https:\/\/www.roscomponents.com\/es\/wp-json\/wp\/v2\/media?parent=13208"}],"wp:term":[{"taxonomy":"product_brand","embeddable":true,"href":"https:\/\/www.roscomponents.com\/es\/wp-json\/wp\/v2\/product_brand?post=13208"},{"taxonomy":"product_cat","embeddable":true,"href":"https:\/\/www.roscomponents.com\/es\/wp-json\/wp\/v2\/product_cat?post=13208"},{"taxonomy":"product_tag","embeddable":true,"href":"https:\/\/www.roscomponents.com\/es\/wp-json\/wp\/v2\/product_tag?post=13208"}],"curies":[{"name":"wp","href":"https:\/\/api.w.org\/{rel}","templated":true}]}}