{"id":13181,"date":"2024-11-15T09:41:49","date_gmt":"2024-11-15T09:41:49","guid":{"rendered":"https:\/\/beta.roscomponents.com\/producto\/2fgp20-2\/"},"modified":"2025-01-27T07:43:26","modified_gmt":"2025-01-27T07:43:26","slug":"2fgp20-es","status":"publish","type":"product","link":"https:\/\/www.roscomponents.com\/es\/producto\/2fgp20-es\/","title":{"rendered":"2FGP20"},"content":{"rendered":"","protected":false},"excerpt":{"rendered":"<h2>Pinza el\u00e9ctrica.<\/h2>\n<p><span style=\"color: #017cfc;\">Entrega aproximada: 1 semana.<\/span><\/p>\n<h4><span style=\"color: #017cfc;\"><strong>Producto recomendado para brazos UR. Para otro modelo de brazo, por favor, cons\u00faltenos.<\/strong><\/span><\/h4>\n<p><span style=\"color: #9b9b9b;\">Los controladores ROS de este producto a\u00fan no est\u00e1n disponibles, pero se pueden integrar en las principales marcas muy f\u00e1cilmente.<\/span><\/p>\n","protected":false},"featured_media":14629,"template":"","meta":{"_acf_changed":false},"product_brand":[],"product_cat":[819,825,812],"product_tag":[],"class_list":{"0":"post-13181","1":"product","2":"type-product","3":"status-publish","4":"has-post-thumbnail","6":"product_cat-pinzas-es","7":"product_cat-robots-es","8":"product_cat-visible-price-es","10":"first","11":"onbackorder","12":"taxable","13":"shipping-taxable","14":"purchasable","15":"product-type-simple"},"acf":[],"_links":{"self":[{"href":"https:\/\/www.roscomponents.com\/es\/wp-json\/wp\/v2\/product\/13181","targetHints":{"allow":["GET"]}}],"collection":[{"href":"https:\/\/www.roscomponents.com\/es\/wp-json\/wp\/v2\/product"}],"about":[{"href":"https:\/\/www.roscomponents.com\/es\/wp-json\/wp\/v2\/types\/product"}],"version-history":[{"count":4,"href":"https:\/\/www.roscomponents.com\/es\/wp-json\/wp\/v2\/product\/13181\/revisions"}],"predecessor-version":[{"id":17435,"href":"https:\/\/www.roscomponents.com\/es\/wp-json\/wp\/v2\/product\/13181\/revisions\/17435"}],"wp:featuredmedia":[{"embeddable":true,"href":"https:\/\/www.roscomponents.com\/es\/wp-json\/wp\/v2\/media\/14629"}],"wp:attachment":[{"href":"https:\/\/www.roscomponents.com\/es\/wp-json\/wp\/v2\/media?parent=13181"}],"wp:term":[{"taxonomy":"product_brand","embeddable":true,"href":"https:\/\/www.roscomponents.com\/es\/wp-json\/wp\/v2\/product_brand?post=13181"},{"taxonomy":"product_cat","embeddable":true,"href":"https:\/\/www.roscomponents.com\/es\/wp-json\/wp\/v2\/product_cat?post=13181"},{"taxonomy":"product_tag","embeddable":true,"href":"https:\/\/www.roscomponents.com\/es\/wp-json\/wp\/v2\/product_tag?post=13181"}],"curies":[{"name":"wp","href":"https:\/\/api.w.org\/{rel}","templated":true}]}}