{"id":13165,"date":"2024-11-15T09:41:49","date_gmt":"2024-11-15T09:41:49","guid":{"rendered":"https:\/\/beta.roscomponents.com\/producto\/mg10-3\/"},"modified":"2025-01-27T17:04:08","modified_gmt":"2025-01-27T17:04:08","slug":"mg10-es","status":"publish","type":"product","link":"https:\/\/www.roscomponents.com\/es\/producto\/mg10-es\/","title":{"rendered":"MG10"},"content":{"rendered":"","protected":false},"excerpt":{"rendered":"<h2>Pinza magn\u00e9tica.<\/h2>\n<p><span style=\"color: #017cfc;\">Entrega aproximada: 1 semana.<\/span><\/p>\n<h4><span style=\"color: #017cfc;\"><strong>Producto recomendado para brazos UR. Para otro modelo de brazo, por favor, cons\u00faltenos.<\/strong><\/span><\/h4>\n<p><span style=\"color: #808080;\">Los controladores ROS de este producto a\u00fan no est\u00e1n disponibles, pero se pueden integrar en las principales marcas de robots muy f\u00e1cilmente.<\/span><\/p>\n","protected":false},"featured_media":14707,"template":"","meta":{"_acf_changed":false},"product_brand":[],"product_cat":[819,812],"product_tag":[],"class_list":{"0":"post-13165","1":"product","2":"type-product","3":"status-publish","4":"has-post-thumbnail","6":"product_cat-pinzas-es","7":"product_cat-visible-price-es","9":"first","10":"onbackorder","11":"taxable","12":"shipping-taxable","13":"purchasable","14":"product-type-simple"},"acf":[],"_links":{"self":[{"href":"https:\/\/www.roscomponents.com\/es\/wp-json\/wp\/v2\/product\/13165","targetHints":{"allow":["GET"]}}],"collection":[{"href":"https:\/\/www.roscomponents.com\/es\/wp-json\/wp\/v2\/product"}],"about":[{"href":"https:\/\/www.roscomponents.com\/es\/wp-json\/wp\/v2\/types\/product"}],"version-history":[{"count":4,"href":"https:\/\/www.roscomponents.com\/es\/wp-json\/wp\/v2\/product\/13165\/revisions"}],"predecessor-version":[{"id":17611,"href":"https:\/\/www.roscomponents.com\/es\/wp-json\/wp\/v2\/product\/13165\/revisions\/17611"}],"wp:featuredmedia":[{"embeddable":true,"href":"https:\/\/www.roscomponents.com\/es\/wp-json\/wp\/v2\/media\/14707"}],"wp:attachment":[{"href":"https:\/\/www.roscomponents.com\/es\/wp-json\/wp\/v2\/media?parent=13165"}],"wp:term":[{"taxonomy":"product_brand","embeddable":true,"href":"https:\/\/www.roscomponents.com\/es\/wp-json\/wp\/v2\/product_brand?post=13165"},{"taxonomy":"product_cat","embeddable":true,"href":"https:\/\/www.roscomponents.com\/es\/wp-json\/wp\/v2\/product_cat?post=13165"},{"taxonomy":"product_tag","embeddable":true,"href":"https:\/\/www.roscomponents.com\/es\/wp-json\/wp\/v2\/product_tag?post=13165"}],"curies":[{"name":"wp","href":"https:\/\/api.w.org\/{rel}","templated":true}]}}