{"id":13132,"date":"2024-11-15T09:41:40","date_gmt":"2024-11-15T09:41:40","guid":{"rendered":"https:\/\/beta.roscomponents.com\/producto\/2fg7-2\/"},"modified":"2025-01-27T07:50:20","modified_gmt":"2025-01-27T07:50:20","slug":"2fg7-es","status":"publish","type":"product","link":"https:\/\/www.roscomponents.com\/es\/producto\/2fg7-es\/","title":{"rendered":"2FG7"},"content":{"rendered":"","protected":false},"excerpt":{"rendered":"<h2 class=\"field-content product-title\"><span style=\"color: #333333;\"><strong>Pinza el\u00e9ctrica.<\/strong><\/span><\/h2>\n<p><span style=\"color: #2c9ffd;\">Entrega aproximada: 1 semana.<\/span><\/p>\n<p><span style=\"color: #808080;\">Los controladores ROS de este producto a\u00fan no est\u00e1n disponibles, pero se pueden integrar en las principales marcas muy f\u00e1cilmente..\u00a0<\/span><\/p>\n<p><span style=\"color: #808080;\">Si no se dispone de ellos, habr\u00e1 que a\u00f1adir los siguientes componentes para el correcto funcionamiento de la pinza:\u00a0<span style=\"text-decoration: underline;\"><a style=\"color: #808080; text-decoration: underline;\" href=\"https:\/\/onrobot.com\/es\/productos\/quick-changer\" target=\"_blank\" rel=\"noopener\">Quick Changer<\/a>\u00a0<\/span>y Tool Flange.<\/span><\/p>\n<p>&nbsp;<\/p>\n","protected":false},"featured_media":12608,"template":"","meta":{"_acf_changed":false},"product_brand":[],"product_cat":[819,812],"product_tag":[],"class_list":{"0":"post-13132","1":"product","2":"type-product","3":"status-publish","4":"has-post-thumbnail","6":"product_cat-pinzas-es","7":"product_cat-visible-price-es","9":"first","10":"onbackorder","11":"taxable","12":"shipping-taxable","13":"purchasable","14":"product-type-simple"},"acf":[],"_links":{"self":[{"href":"https:\/\/www.roscomponents.com\/es\/wp-json\/wp\/v2\/product\/13132","targetHints":{"allow":["GET"]}}],"collection":[{"href":"https:\/\/www.roscomponents.com\/es\/wp-json\/wp\/v2\/product"}],"about":[{"href":"https:\/\/www.roscomponents.com\/es\/wp-json\/wp\/v2\/types\/product"}],"version-history":[{"count":4,"href":"https:\/\/www.roscomponents.com\/es\/wp-json\/wp\/v2\/product\/13132\/revisions"}],"predecessor-version":[{"id":17438,"href":"https:\/\/www.roscomponents.com\/es\/wp-json\/wp\/v2\/product\/13132\/revisions\/17438"}],"wp:featuredmedia":[{"embeddable":true,"href":"https:\/\/www.roscomponents.com\/es\/wp-json\/wp\/v2\/media\/12608"}],"wp:attachment":[{"href":"https:\/\/www.roscomponents.com\/es\/wp-json\/wp\/v2\/media?parent=13132"}],"wp:term":[{"taxonomy":"product_brand","embeddable":true,"href":"https:\/\/www.roscomponents.com\/es\/wp-json\/wp\/v2\/product_brand?post=13132"},{"taxonomy":"product_cat","embeddable":true,"href":"https:\/\/www.roscomponents.com\/es\/wp-json\/wp\/v2\/product_cat?post=13132"},{"taxonomy":"product_tag","embeddable":true,"href":"https:\/\/www.roscomponents.com\/es\/wp-json\/wp\/v2\/product_tag?post=13132"}],"curies":[{"name":"wp","href":"https:\/\/api.w.org\/{rel}","templated":true}]}}