{"id":13131,"date":"2024-11-15T09:41:40","date_gmt":"2024-11-15T09:41:40","guid":{"rendered":"https:\/\/beta.roscomponents.com\/producto\/onrobot-eyes-2\/"},"modified":"2025-01-27T17:44:39","modified_gmt":"2025-01-27T17:44:39","slug":"onrobot-eyes-es","status":"publish","type":"product","link":"https:\/\/www.roscomponents.com\/es\/producto\/onrobot-eyes-es\/","title":{"rendered":"OnRobot Eyes"},"content":{"rendered":"","protected":false},"excerpt":{"rendered":"<h2><span style=\"color: #333333;\">Sistema de visi\u00f3n 2.5D.<\/span><\/h2>\n<p><span style=\"color: #017cfc;\">Entrega aproximada: 1 semana.<\/span><\/p>\n<p><span style=\"color: #808080;\">Los controladores ROS de este producto a\u00fan no est\u00e1n disponibles, pero se pueden integrar con las principales marcas de robots muy f\u00e1cilmente. Por favor, cons\u00faltenos.<\/span><\/p>\n<h5><\/h5>\n<p class=\"field-content product-title\">\n","protected":false},"featured_media":12606,"template":"","meta":{"_acf_changed":false},"product_brand":[],"product_cat":[817,816,812],"product_tag":[],"class_list":{"0":"post-13131","1":"product","2":"type-product","3":"status-publish","4":"has-post-thumbnail","6":"product_cat-cameras-es","7":"product_cat-components-es","8":"product_cat-visible-price-es","10":"first","11":"onbackorder","12":"taxable","13":"shipping-taxable","14":"purchasable","15":"product-type-simple"},"acf":[],"_links":{"self":[{"href":"https:\/\/www.roscomponents.com\/es\/wp-json\/wp\/v2\/product\/13131","targetHints":{"allow":["GET"]}}],"collection":[{"href":"https:\/\/www.roscomponents.com\/es\/wp-json\/wp\/v2\/product"}],"about":[{"href":"https:\/\/www.roscomponents.com\/es\/wp-json\/wp\/v2\/types\/product"}],"version-history":[{"count":10,"href":"https:\/\/www.roscomponents.com\/es\/wp-json\/wp\/v2\/product\/13131\/revisions"}],"predecessor-version":[{"id":17638,"href":"https:\/\/www.roscomponents.com\/es\/wp-json\/wp\/v2\/product\/13131\/revisions\/17638"}],"wp:featuredmedia":[{"embeddable":true,"href":"https:\/\/www.roscomponents.com\/es\/wp-json\/wp\/v2\/media\/12606"}],"wp:attachment":[{"href":"https:\/\/www.roscomponents.com\/es\/wp-json\/wp\/v2\/media?parent=13131"}],"wp:term":[{"taxonomy":"product_brand","embeddable":true,"href":"https:\/\/www.roscomponents.com\/es\/wp-json\/wp\/v2\/product_brand?post=13131"},{"taxonomy":"product_cat","embeddable":true,"href":"https:\/\/www.roscomponents.com\/es\/wp-json\/wp\/v2\/product_cat?post=13131"},{"taxonomy":"product_tag","embeddable":true,"href":"https:\/\/www.roscomponents.com\/es\/wp-json\/wp\/v2\/product_tag?post=13131"}],"curies":[{"name":"wp","href":"https:\/\/api.w.org\/{rel}","templated":true}]}}