{"id":13115,"date":"2024-11-15T09:41:37","date_gmt":"2024-11-15T09:41:37","guid":{"rendered":"https:\/\/beta.roscomponents.com\/producto\/sensor-de-fuerza-hex\/"},"modified":"2025-01-25T13:10:06","modified_gmt":"2025-01-25T13:10:06","slug":"sensor-de-fuerza-hex","status":"publish","type":"product","link":"https:\/\/www.roscomponents.com\/es\/producto\/sensor-de-fuerza-hex\/","title":{"rendered":"Sensor de Fuerza HEX"},"content":{"rendered":"","protected":false},"excerpt":{"rendered":"<h2><span style=\"color: #333333;\"><strong>Sensor de fuerza.<\/strong><\/span><\/h2>\n<p><span style=\"color: #017cfc;\">Entrega aproximada: 1 semana<\/span><\/p>\n<h4><span style=\"color: #017cfc;\">Producto recomendado para brazos UR. Por favor, cons\u00faltenos.<\/span><\/h4>\n<p><span style=\"color: #808080;\">Los controladores ROS de este producto a\u00fan no est\u00e1n disponibles, pero se pueden integrar con las principales marcas muy f\u00e1cilmente.<\/span><\/p>\n<h5><\/h5>\n","protected":false},"featured_media":16984,"template":"","meta":{"_acf_changed":false},"product_brand":[],"product_cat":[804,818,812],"product_tag":[],"class_list":{"0":"post-13115","1":"product","2":"type-product","3":"status-publish","4":"has-post-thumbnail","6":"product_cat-precio-autorizado","7":"product_cat-force-sensors-es","8":"product_cat-visible-price-es","10":"first","11":"onbackorder","12":"taxable","13":"shipping-taxable","14":"purchasable","15":"product-type-simple"},"acf":[],"_links":{"self":[{"href":"https:\/\/www.roscomponents.com\/es\/wp-json\/wp\/v2\/product\/13115","targetHints":{"allow":["GET"]}}],"collection":[{"href":"https:\/\/www.roscomponents.com\/es\/wp-json\/wp\/v2\/product"}],"about":[{"href":"https:\/\/www.roscomponents.com\/es\/wp-json\/wp\/v2\/types\/product"}],"version-history":[{"count":5,"href":"https:\/\/www.roscomponents.com\/es\/wp-json\/wp\/v2\/product\/13115\/revisions"}],"predecessor-version":[{"id":17382,"href":"https:\/\/www.roscomponents.com\/es\/wp-json\/wp\/v2\/product\/13115\/revisions\/17382"}],"wp:featuredmedia":[{"embeddable":true,"href":"https:\/\/www.roscomponents.com\/es\/wp-json\/wp\/v2\/media\/16984"}],"wp:attachment":[{"href":"https:\/\/www.roscomponents.com\/es\/wp-json\/wp\/v2\/media?parent=13115"}],"wp:term":[{"taxonomy":"product_brand","embeddable":true,"href":"https:\/\/www.roscomponents.com\/es\/wp-json\/wp\/v2\/product_brand?post=13115"},{"taxonomy":"product_cat","embeddable":true,"href":"https:\/\/www.roscomponents.com\/es\/wp-json\/wp\/v2\/product_cat?post=13115"},{"taxonomy":"product_tag","embeddable":true,"href":"https:\/\/www.roscomponents.com\/es\/wp-json\/wp\/v2\/product_tag?post=13115"}],"curies":[{"name":"wp","href":"https:\/\/api.w.org\/{rel}","templated":true}]}}