{"id":13098,"date":"2024-11-15T09:41:33","date_gmt":"2024-11-15T09:41:33","guid":{"rendered":"https:\/\/beta.roscomponents.com\/producto\/egp-2\/"},"modified":"2025-01-27T11:03:07","modified_gmt":"2025-01-27T11:03:07","slug":"egp-2","status":"publish","type":"product","link":"https:\/\/www.roscomponents.com\/es\/producto\/egp-2\/","title":{"rendered":"EGP"},"content":{"rendered":"","protected":false},"excerpt":{"rendered":"<h2><span style=\"color: #333333;\"><strong>Pinza rob\u00f3tica. <\/strong>Dedos no incluidos.<\/span><\/h2>\n<p><span style=\"color: #808080;\">Los controladores ROS de este producto a\u00fan no est\u00e1n disponibles, pero se pueden integrar en las principales marcas muy f\u00e1cilmente. Por favor, cons\u00faltenos.<\/span><\/p>\n","protected":false},"featured_media":15102,"template":"","meta":{"_acf_changed":false},"product_brand":[],"product_cat":[819,804,812],"product_tag":[],"class_list":{"0":"post-13098","1":"product","2":"type-product","3":"status-publish","4":"has-post-thumbnail","6":"product_cat-pinzas-es","7":"product_cat-precio-autorizado","8":"product_cat-visible-price-es","10":"first","11":"onbackorder","12":"taxable","13":"shipping-taxable","14":"purchasable","15":"product-type-simple"},"acf":[],"_links":{"self":[{"href":"https:\/\/www.roscomponents.com\/es\/wp-json\/wp\/v2\/product\/13098","targetHints":{"allow":["GET"]}}],"collection":[{"href":"https:\/\/www.roscomponents.com\/es\/wp-json\/wp\/v2\/product"}],"about":[{"href":"https:\/\/www.roscomponents.com\/es\/wp-json\/wp\/v2\/types\/product"}],"version-history":[{"count":4,"href":"https:\/\/www.roscomponents.com\/es\/wp-json\/wp\/v2\/product\/13098\/revisions"}],"predecessor-version":[{"id":17494,"href":"https:\/\/www.roscomponents.com\/es\/wp-json\/wp\/v2\/product\/13098\/revisions\/17494"}],"wp:featuredmedia":[{"embeddable":true,"href":"https:\/\/www.roscomponents.com\/es\/wp-json\/wp\/v2\/media\/15102"}],"wp:attachment":[{"href":"https:\/\/www.roscomponents.com\/es\/wp-json\/wp\/v2\/media?parent=13098"}],"wp:term":[{"taxonomy":"product_brand","embeddable":true,"href":"https:\/\/www.roscomponents.com\/es\/wp-json\/wp\/v2\/product_brand?post=13098"},{"taxonomy":"product_cat","embeddable":true,"href":"https:\/\/www.roscomponents.com\/es\/wp-json\/wp\/v2\/product_cat?post=13098"},{"taxonomy":"product_tag","embeddable":true,"href":"https:\/\/www.roscomponents.com\/es\/wp-json\/wp\/v2\/product_tag?post=13098"}],"curies":[{"name":"wp","href":"https:\/\/api.w.org\/{rel}","templated":true}]}}