{"id":13095,"date":"2024-11-15T09:41:31","date_gmt":"2024-11-15T09:41:31","guid":{"rendered":"https:\/\/beta.roscomponents.com\/producto\/ftn-omega-191-si-7200-1400-2\/"},"modified":"2025-01-25T13:03:08","modified_gmt":"2025-01-25T13:03:08","slug":"ftn-omega-191-si-7200-1400-es","status":"publish","type":"product","link":"https:\/\/www.roscomponents.com\/es\/producto\/ftn-omega-191-si-7200-1400-es\/","title":{"rendered":"FTN-Omega-191 SI-7200-1400"},"content":{"rendered":"","protected":false},"excerpt":{"rendered":"<section id=\"content-section-3\">\n<div class=\"section-container container\">\n<div class=\"gdlr-stunning-text-ux gdlr-ux\">\n<div class=\"gdlr-item gdlr-stunning-text-item type-center\">\n<div class=\"stunning-text-caption\">\n<h2><span style=\"color: #333333;\"><strong>Sensor de fuerza.<\/strong><\/span><\/h2>\n<p><span style=\"color: #808080;\">Los controladores ROS de este producto a\u00fan no est\u00e1n disponibles, pero se pueden integrar con nuestros robots muy f\u00e1cilmente. Por favor, cons\u00faltenos.<\/span><\/p>\n<\/div>\n<\/div>\n<\/div>\n<\/div>\n<\/section>\n","protected":false},"featured_media":16963,"template":"","meta":{"_acf_changed":false},"product_brand":[],"product_cat":[816,804,818,812],"product_tag":[],"class_list":{"0":"post-13095","1":"product","2":"type-product","3":"status-publish","4":"has-post-thumbnail","6":"product_cat-components-es","7":"product_cat-precio-autorizado","8":"product_cat-force-sensors-es","9":"product_cat-visible-price-es","11":"first","12":"onbackorder","13":"taxable","14":"shipping-taxable","15":"purchasable","16":"product-type-simple"},"acf":[],"_links":{"self":[{"href":"https:\/\/www.roscomponents.com\/es\/wp-json\/wp\/v2\/product\/13095","targetHints":{"allow":["GET"]}}],"collection":[{"href":"https:\/\/www.roscomponents.com\/es\/wp-json\/wp\/v2\/product"}],"about":[{"href":"https:\/\/www.roscomponents.com\/es\/wp-json\/wp\/v2\/types\/product"}],"version-history":[{"count":7,"href":"https:\/\/www.roscomponents.com\/es\/wp-json\/wp\/v2\/product\/13095\/revisions"}],"predecessor-version":[{"id":17373,"href":"https:\/\/www.roscomponents.com\/es\/wp-json\/wp\/v2\/product\/13095\/revisions\/17373"}],"wp:featuredmedia":[{"embeddable":true,"href":"https:\/\/www.roscomponents.com\/es\/wp-json\/wp\/v2\/media\/16963"}],"wp:attachment":[{"href":"https:\/\/www.roscomponents.com\/es\/wp-json\/wp\/v2\/media?parent=13095"}],"wp:term":[{"taxonomy":"product_brand","embeddable":true,"href":"https:\/\/www.roscomponents.com\/es\/wp-json\/wp\/v2\/product_brand?post=13095"},{"taxonomy":"product_cat","embeddable":true,"href":"https:\/\/www.roscomponents.com\/es\/wp-json\/wp\/v2\/product_cat?post=13095"},{"taxonomy":"product_tag","embeddable":true,"href":"https:\/\/www.roscomponents.com\/es\/wp-json\/wp\/v2\/product_tag?post=13095"}],"curies":[{"name":"wp","href":"https:\/\/api.w.org\/{rel}","templated":true}]}}