{"id":11490,"date":"2024-11-12T13:29:53","date_gmt":"2024-11-12T13:29:53","guid":{"rendered":"https:\/\/beta.roscomponents.com\/quienes-somos\/"},"modified":"2025-03-26T08:50:27","modified_gmt":"2025-03-26T08:50:27","slug":"quienes-somos","status":"publish","type":"page","link":"https:\/\/www.roscomponents.com\/es\/quienes-somos\/","title":{"rendered":"Qui\u00e9nes somos"},"content":{"rendered":"\t\t<div data-elementor-type=\"wp-page\" data-elementor-id=\"11490\" class=\"elementor elementor-11490 elementor-10959\" data-elementor-post-type=\"page\">\n\t\t\t\t<div class=\"wd-negative-gap elementor-element elementor-element-d06a2c4 e-flex e-con-boxed e-con e-parent\" data-id=\"d06a2c4\" data-element_type=\"container\" data-e-type=\"container\" data-settings=\"{&quot;background_background&quot;:&quot;classic&quot;}\">\n\t\t\t\t\t<div class=\"e-con-inner\">\n\t\t<div class=\"elementor-element elementor-element-31f3544 e-con-full e-flex e-con e-child\" data-id=\"31f3544\" data-element_type=\"container\" data-e-type=\"container\">\n\t\t\t\t<div class=\"elementor-element elementor-element-3aae38c wd-width-100 elementor-widget elementor-widget-wd_title\" data-id=\"3aae38c\" data-element_type=\"widget\" data-e-type=\"widget\" data-widget_type=\"wd_title.default\">\n\t\t\t\t<div class=\"elementor-widget-container\">\n\t\t\t\t\t\t\t<div class=\"title-wrapper set-mb-s reset-last-child wd-title-color-default wd-title-style-default wd-title-size-large text-center\">\n\n\t\t\t\n\t\t\t<div class=\"liner-continer\">\n\t\t\t\t<h1 class=\"woodmart-title-container title wd-fontsize-xxl\">Qui\u00e9nes somos<\/h1> \n\t\t\t\t\t\t\t<\/div>\n\n\t\t\t\t\t<\/div>\n\t\t\t\t\t\t<\/div>\n\t\t\t\t<\/div>\n\t\t\t\t<\/div>\n\t\t\t\t\t<\/div>\n\t\t\t\t<\/div>\n\t\t<div class=\"wd-negative-gap elementor-element elementor-element-7bf6a28 e-flex e-con-boxed e-con e-parent\" data-id=\"7bf6a28\" data-element_type=\"container\" data-e-type=\"container\" data-settings=\"{&quot;background_background&quot;:&quot;classic&quot;}\">\n\t\t\t\t\t<div class=\"e-con-inner\">\n\t\t<div class=\"elementor-element elementor-element-098eb4a e-con-full e-flex e-con e-child\" data-id=\"098eb4a\" data-element_type=\"container\" data-e-type=\"container\">\n\t\t\t\t<div class=\"elementor-element elementor-element-1b68a2d wd-width-100 elementor-widget elementor-widget-wd_title\" data-id=\"1b68a2d\" data-element_type=\"widget\" data-e-type=\"widget\" data-widget_type=\"wd_title.default\">\n\t\t\t\t<div class=\"elementor-widget-container\">\n\t\t\t\t\t\t\t<div class=\"title-wrapper set-mb-s reset-last-child wd-title-color-default wd-title-style-default wd-title-size-medium text-left\">\n\n\t\t\t\n\t\t\t<div class=\"liner-continer\">\n\t\t\t\t<h2 class=\"woodmart-title-container title wd-fontsize-xl\">\u00bfQu\u00e9 es ROS-Components?<\/h2> \n\t\t\t\t\t\t\t<\/div>\n\n\t\t\t\t\t<\/div>\n\t\t\t\t\t\t<\/div>\n\t\t\t\t<\/div>\n\t\t\t\t<div class=\"elementor-element elementor-element-a6d6276 elementor-widget elementor-widget-wd_text_block\" data-id=\"a6d6276\" data-element_type=\"widget\" data-e-type=\"widget\" data-widget_type=\"wd_text_block.default\">\n\t\t\t\t<div class=\"elementor-widget-container\">\n\t\t\t\t\t\t\t<div class=\"wd-text-block reset-last-child text-left\">\n\t\t\t\n\t\t\t<p>ROS Components es un portal de venta de productos de rob\u00f3tica con soporte para ROS (<a href=\"http:\/\/www.ros.org\" target=\"_blank\" rel=\"noopener\">www.ros.org<\/a>).<\/p>\n\t\t\t\t\t<\/div>\n\t\t\t\t\t\t<\/div>\n\t\t\t\t<\/div>\n\t\t\t\t<div class=\"elementor-element elementor-element-2bda392 wd-width-100 elementor-widget elementor-widget-wd_title\" data-id=\"2bda392\" data-element_type=\"widget\" data-e-type=\"widget\" data-widget_type=\"wd_title.default\">\n\t\t\t\t<div class=\"elementor-widget-container\">\n\t\t\t\t\t\t\t<div class=\"title-wrapper set-mb-s reset-last-child wd-title-color-default wd-title-style-default wd-title-size-medium text-left\">\n\n\t\t\t\n\t\t\t<div class=\"liner-continer\">\n\t\t\t\t<h2 class=\"woodmart-title-container title wd-fontsize-xl\">\u00bfC\u00f3mo surge?<\/h2> \n\t\t\t\t\t\t\t<\/div>\n\n\t\t\t\t\t<\/div>\n\t\t\t\t\t\t<\/div>\n\t\t\t\t<\/div>\n\t\t\t\t<div class=\"elementor-element elementor-element-75f077f elementor-widget elementor-widget-wd_text_block\" data-id=\"75f077f\" data-element_type=\"widget\" data-e-type=\"widget\" data-widget_type=\"wd_text_block.default\">\n\t\t\t\t<div class=\"elementor-widget-container\">\n\t\t\t\t\t\t\t<div class=\"wd-text-block reset-last-child text-left\">\n\t\t\t\n\t\t\t<p>ROS Components es una divisi\u00f3n de Robotnik Automation, empresa l\u00edder en Europa en Rob\u00f3tica de Servicio.<\/p><p>Desde que comenzara su andadura en 2002, Robotnik est\u00e1 dedicada al desarrollo de producto y prestaci\u00f3n de servicios de ingenier\u00eda e I+D en dicho sector.<\/p><p>El crecimiento y potencial de los productos que hacen uso del software ROS, nos ha llevado a concebir este nuevo concepto de portal de venta on line, en el que se ofrece toda la gama de productos de una forma clara y sencilla para el cliente. El usuario podr\u00e1 encontrar toda la informaci\u00f3n t\u00e9cnica y el soporte necesario que precisa de un producto de forma unificada, en un s\u00f3lo espacio: Ros Components.<\/p>\n\t\t\t\t\t<\/div>\n\t\t\t\t\t\t<\/div>\n\t\t\t\t<\/div>\n\t\t\t\t<\/div>\n\t\t<div class=\"elementor-element elementor-element-c8cb172 e-con-full e-flex e-con e-child\" data-id=\"c8cb172\" data-element_type=\"container\" data-e-type=\"container\">\n\t\t\t\t<div class=\"elementor-element elementor-element-645f19b elementor-widget elementor-widget-image\" data-id=\"645f19b\" data-element_type=\"widget\" data-e-type=\"widget\" data-widget_type=\"image.default\">\n\t\t\t\t<div class=\"elementor-widget-container\">\n\t\t\t\t\t\t\t\t\t\t\t\t\t\t\t<img fetchpriority=\"high\" decoding=\"async\" width=\"1024\" height=\"576\" src=\"https:\/\/www.roscomponents.com\/wp-content\/themes\/ros\/images\/lazy.png\" class=\"attachment-large size-large wp-image-19101 wd-lazy-load wd-lazy-fade\" alt=\"\" srcset=\"\" sizes=\"(max-width: 1024px) 100vw, 1024px\" data-wood-src=\"https:\/\/www.roscomponents.com\/wp-content\/uploads\/2025\/03\/RC_COMPANY_ES-1024x576.jpg\" data-srcset=\"https:\/\/www.roscomponents.com\/wp-content\/uploads\/2025\/03\/RC_COMPANY_ES-1024x576.jpg 1024w, https:\/\/www.roscomponents.com\/wp-content\/uploads\/2025\/03\/RC_COMPANY_ES-300x169.jpg 300w, https:\/\/www.roscomponents.com\/wp-content\/uploads\/2025\/03\/RC_COMPANY_ES-768x432.jpg 768w, https:\/\/www.roscomponents.com\/wp-content\/uploads\/2025\/03\/RC_COMPANY_ES-1536x864.jpg 1536w, https:\/\/www.roscomponents.com\/wp-content\/uploads\/2025\/03\/RC_COMPANY_ES-2048x1152.jpg 2048w, https:\/\/www.roscomponents.com\/wp-content\/uploads\/2025\/03\/RC_COMPANY_ES-1200x675.jpg 1200w, https:\/\/www.roscomponents.com\/wp-content\/uploads\/2025\/03\/RC_COMPANY_ES-150x84.jpg 150w\" \/>\t\t\t\t\t\t\t\t\t\t\t\t\t\t\t<\/div>\n\t\t\t\t<\/div>\n\t\t\t\t<\/div>\n\t\t\t\t\t<\/div>\n\t\t\t\t<\/div>\n\t\t<div class=\"wd-negative-gap elementor-element elementor-element-d4cb783 e-flex e-con-boxed e-con e-parent\" data-id=\"d4cb783\" data-element_type=\"container\" data-e-type=\"container\" data-settings=\"{&quot;background_background&quot;:&quot;classic&quot;}\">\n\t\t\t\t\t<div class=\"e-con-inner\">\n\t\t<div class=\"elementor-element elementor-element-f30197e e-con-full e-flex e-con e-child\" data-id=\"f30197e\" data-element_type=\"container\" data-e-type=\"container\">\n\t\t\t\t<div class=\"elementor-element elementor-element-22484e0 wd-width-100 elementor-widget elementor-widget-wd_title\" data-id=\"22484e0\" data-element_type=\"widget\" data-e-type=\"widget\" data-widget_type=\"wd_title.default\">\n\t\t\t\t<div class=\"elementor-widget-container\">\n\t\t\t\t\t\t\t<div class=\"title-wrapper set-mb-s reset-last-child wd-title-color-default wd-title-style-default wd-title-size-medium text-left\">\n\n\t\t\t\n\t\t\t<div class=\"liner-continer\">\n\t\t\t\t<h2 class=\"woodmart-title-container title wd-fontsize-xl\">\u00bfPor qu\u00e9 ROS-Components?<\/h2> \n\t\t\t\t\t\t\t<\/div>\n\n\t\t\t\t\t<\/div>\n\t\t\t\t\t\t<\/div>\n\t\t\t\t<\/div>\n\t\t\t\t<div class=\"elementor-element elementor-element-e95f4c7 elementor-widget elementor-widget-wd_text_block\" data-id=\"e95f4c7\" data-element_type=\"widget\" data-e-type=\"widget\" data-widget_type=\"wd_text_block.default\">\n\t\t\t\t<div class=\"elementor-widget-container\">\n\t\t\t\t\t\t\t<div class=\"wd-text-block reset-last-child text-left\">\n\t\t\t\n\t\t\t<p>En los \u00faltimos a\u00f1os, ROS se ha convertido en un est\u00e1ndar en la Rob\u00f3tica de Servicio, y est\u00e1 haciendo grandes avances en el sector industrial (ve\u00e1se <a href=\"http:\/\/rosindustrial.org\/\" target=\"_blank\" rel=\"noopener\">http:\/\/rosindustrial.org\/<\/a>).<\/p><p>La mayor parte de robots y componentes en el mercado est\u00e1n soportados en ROS, pero a veces no es f\u00e1cil averiguar cu\u00e1les lo est\u00e1n, qu\u00e9 versi\u00f3n soportan y c\u00f3mo adquirirlos. Una de nuestros principales objetivos es enlazar los productos con sus controladores y\/o software para ROS, detallar c\u00f3mo se instalan y configuran y d\u00f3nde se puede encontrar tutoriales o informaci\u00f3n de utilidad, entre otros aspectos.<\/p><p>Todos los componentes que se ofrecen en la tienda est\u00e1n soportados por ROS o lo estar\u00e1n en breve, por lo que la comunidad ROS tienen un nuevo punto de encuentro en ROS Components.<\/p>\n\t\t\t\t\t<\/div>\n\t\t\t\t\t\t<\/div>\n\t\t\t\t<\/div>\n\t\t\t\t<\/div>\n\t\t<div class=\"elementor-element elementor-element-2f99f3c e-con-full e-flex e-con e-child\" data-id=\"2f99f3c\" data-element_type=\"container\" data-e-type=\"container\">\n\t\t\t\t<div class=\"elementor-element elementor-element-3c83bff wd-width-100 elementor-widget elementor-widget-wd_title\" data-id=\"3c83bff\" data-element_type=\"widget\" data-e-type=\"widget\" data-widget_type=\"wd_title.default\">\n\t\t\t\t<div class=\"elementor-widget-container\">\n\t\t\t\t\t\t\t<div class=\"title-wrapper set-mb-s reset-last-child wd-title-color-default wd-title-style-default wd-title-size-medium text-left\">\n\n\t\t\t\n\t\t\t<div class=\"liner-continer\">\n\t\t\t\t<h2 class=\"woodmart-title-container title wd-fontsize-xl\">ROS como est\u00e1ndar<\/h2> \n\t\t\t\t\t\t\t<\/div>\n\n\t\t\t\t\t<\/div>\n\t\t\t\t\t\t<\/div>\n\t\t\t\t<\/div>\n\t\t\t\t<div class=\"elementor-element elementor-element-52522a8 elementor-widget elementor-widget-wd_text_block\" data-id=\"52522a8\" data-element_type=\"widget\" data-e-type=\"widget\" data-widget_type=\"wd_text_block.default\">\n\t\t\t\t<div class=\"elementor-widget-container\">\n\t\t\t\t\t\t\t<div class=\"wd-text-block reset-last-child text-left\">\n\t\t\t\n\t\t\t<p>Desde ROS-Components creemos firmemente en que ROS es y ser\u00e1 el est\u00e1ndar en rob\u00f3tica durante los pr\u00f3ximos a\u00f1os. Por eso animamos a los usuarios a que lo usen (si es que no lo est\u00e1is haciendo ya) as\u00ed como a los fabricantes a que le den soporte.<\/p>\n\t\t\t\t\t<\/div>\n\t\t\t\t\t\t<\/div>\n\t\t\t\t<\/div>\n\t\t\t\t<div class=\"elementor-element elementor-element-843e29d wd-width-100 elementor-widget elementor-widget-wd_title\" data-id=\"843e29d\" data-element_type=\"widget\" data-e-type=\"widget\" data-widget_type=\"wd_title.default\">\n\t\t\t\t<div class=\"elementor-widget-container\">\n\t\t\t\t\t\t\t<div class=\"title-wrapper set-mb-s reset-last-child wd-title-color-default wd-title-style-default wd-title-size-medium text-left\">\n\n\t\t\t\n\t\t\t<div class=\"liner-continer\">\n\t\t\t\t<h2 class=\"woodmart-title-container title wd-fontsize-xl\">\u00a1Bienvenido a ROS Components!<\/h2> \n\t\t\t\t\t\t\t<\/div>\n\n\t\t\t\t\t<\/div>\n\t\t\t\t\t\t<\/div>\n\t\t\t\t<\/div>\n\t\t\t\t<div class=\"elementor-element elementor-element-14c5198 elementor-widget elementor-widget-wd_text_block\" data-id=\"14c5198\" data-element_type=\"widget\" data-e-type=\"widget\" data-widget_type=\"wd_text_block.default\">\n\t\t\t\t<div class=\"elementor-widget-container\">\n\t\t\t\t\t\t\t<div class=\"wd-text-block reset-last-child text-left\">\n\t\t\t\n\t\t\t<p><strong>Our internationalization project is supported by the European Regional Development Fund (ERDF).<\/strong><\/p>\n\t\t\t\t\t<\/div>\n\t\t\t\t\t\t<\/div>\n\t\t\t\t<\/div>\n\t\t\t\t<div class=\"elementor-element elementor-element-11e9eb0 elementor-widget elementor-widget-image\" data-id=\"11e9eb0\" data-element_type=\"widget\" data-e-type=\"widget\" data-widget_type=\"image.default\">\n\t\t\t\t<div class=\"elementor-widget-container\">\n\t\t\t\t\t\t\t\t\t\t\t\t\t\t\t<img decoding=\"async\" width=\"1024\" height=\"250\" src=\"https:\/\/www.roscomponents.com\/wp-content\/themes\/ros\/images\/lazy.png\" class=\"attachment-large size-large wp-image-11456 wd-lazy-load wd-lazy-fade\" alt=\"\" srcset=\"\" sizes=\"(max-width: 1024px) 100vw, 1024px\" data-wood-src=\"https:\/\/www.roscomponents.com\/wp-content\/uploads\/2024\/11\/025-FEDER2-declaracion14-20.jpg\" data-srcset=\"https:\/\/www.roscomponents.com\/wp-content\/uploads\/2024\/11\/025-FEDER2-declaracion14-20.jpg 1024w, https:\/\/www.roscomponents.com\/wp-content\/uploads\/2024\/11\/025-FEDER2-declaracion14-20-300x73.jpg 300w, https:\/\/www.roscomponents.com\/wp-content\/uploads\/2024\/11\/025-FEDER2-declaracion14-20-768x188.jpg 768w, https:\/\/www.roscomponents.com\/wp-content\/uploads\/2024\/11\/025-FEDER2-declaracion14-20-150x37.jpg 150w\" \/>\t\t\t\t\t\t\t\t\t\t\t\t\t\t\t<\/div>\n\t\t\t\t<\/div>\n\t\t\t\t<\/div>\n\t\t\t\t\t<\/div>\n\t\t\t\t<\/div>\n\t\t\t\t<\/div>\n\t\t","protected":false},"excerpt":{"rendered":"<p>Qui\u00e9nes somos \u00bfQu\u00e9 es ROS-Components? ROS Components es un portal de venta de productos de rob\u00f3tica con soporte para ROS<\/p>\n","protected":false},"author":3,"featured_media":0,"parent":0,"menu_order":0,"comment_status":"closed","ping_status":"closed","template":"","meta":{"_acf_changed":false,"footnotes":""},"class_list":["post-11490","page","type-page","status-publish","hentry"],"acf":[],"_links":{"self":[{"href":"https:\/\/www.roscomponents.com\/es\/wp-json\/wp\/v2\/pages\/11490","targetHints":{"allow":["GET"]}}],"collection":[{"href":"https:\/\/www.roscomponents.com\/es\/wp-json\/wp\/v2\/pages"}],"about":[{"href":"https:\/\/www.roscomponents.com\/es\/wp-json\/wp\/v2\/types\/page"}],"author":[{"embeddable":true,"href":"https:\/\/www.roscomponents.com\/es\/wp-json\/wp\/v2\/users\/3"}],"replies":[{"embeddable":true,"href":"https:\/\/www.roscomponents.com\/es\/wp-json\/wp\/v2\/comments?post=11490"}],"version-history":[{"count":9,"href":"https:\/\/www.roscomponents.com\/es\/wp-json\/wp\/v2\/pages\/11490\/revisions"}],"predecessor-version":[{"id":19109,"href":"https:\/\/www.roscomponents.com\/es\/wp-json\/wp\/v2\/pages\/11490\/revisions\/19109"}],"wp:attachment":[{"href":"https:\/\/www.roscomponents.com\/es\/wp-json\/wp\/v2\/media?parent=11490"}],"curies":[{"name":"wp","href":"https:\/\/api.w.org\/{rel}","templated":true}]}}